{"id":149,"date":"2021-02-02T18:51:43","date_gmt":"2021-02-02T21:51:43","guid":{"rendered":"https:\/\/www.lordbrasil.com\/pesquisa-e-desenvolvimento\/"},"modified":"2022-08-02T14:22:06","modified_gmt":"2022-08-02T17:22:06","slug":"pesquisa-e-desenvolvimento","status":"publish","type":"page","link":"https:\/\/www.lordbrasil.com\/en\/pesquisa-e-desenvolvimento\/","title":{"rendered":"Research and Development"},"content":{"rendered":"<p>Lord has one of the most advanced research laboratories and new technologies, focused on the improvement and development of new products composed of high precision analytical resources and last generation equipments.<\/p>\n<p>In our laboratories, teams are made up of professionals with the best certifications on the market who work constantly to present the most appropriate solutions to customers, in addition to guaranteeing the quality of the products and the optimization of all processes.<\/p>\n<p>This is fundamental for Lord and considered the starting point in the development of new products. From here come concepts and technologies that can revolutionize our customers business.<\/p>\n<p>Excellence in all phases of its activities has enabled Lord to obtain several important certifications such as: INMETRO, ANVISA e ISO 9001 e 14001.<\/p>","protected":false},"excerpt":{"rendered":"<p>A Lord conta com um dos mais avan\u00e7ados laborat\u00f3rios de pesquisa e novas tecnologias, voltado ao aprimoramento e desenvolvimento de [&hellip;]<\/p>","protected":false},"author":1,"featured_media":150,"parent":0,"menu_order":0,"comment_status":"open","ping_status":"closed","template":"desenvolvimento.php","meta":{"inline_featured_image":false,"ngg_post_thumbnail":0,"footnotes":""},"class_list":["post-149","page","type-page","status-publish","has-post-thumbnail","hentry"],"yoast_head":"<!-- This site is optimized with the Yoast SEO plugin v27.2 - https:\/\/yoast.com\/product\/yoast-seo-wordpress\/ -->\n<title>Pesquisa e Desenvolvimento - Lord Brasil<\/title>\n<meta name=\"description\" content=\"A Lord conta com um dos mais avan\u00e7ados laborat\u00f3rios de pesquisa e novas tecnologias do pa\u00eds, cp, importantes certifica\u00e7\u00f5es como: INMETRO, ANVISA e ISO 9001 e 14001.\" \/>\n<meta name=\"robots\" content=\"index, follow, max-snippet:-1, max-image-preview:large, max-video-preview:-1\" \/>\n<link rel=\"canonical\" href=\"https:\/\/www.lordbrasil.com\/en\/pesquisa-e-desenvolvimento\/\" \/>\n<meta property=\"og:locale\" content=\"en_US\" \/>\n<meta property=\"og:type\" content=\"article\" \/>\n<meta property=\"og:title\" content=\"Pesquisa e Desenvolvimento - Lord Brasil\" \/>\n<meta property=\"og:description\" content=\"A Lord conta com um dos mais avan\u00e7ados laborat\u00f3rios de pesquisa e novas tecnologias do pa\u00eds, cp, importantes certifica\u00e7\u00f5es como: INMETRO, ANVISA e ISO 9001 e 14001.\" \/>\n<meta property=\"og:url\" content=\"https:\/\/www.lordbrasil.com\/en\/pesquisa-e-desenvolvimento\/\" \/>\n<meta property=\"og:site_name\" content=\"Lord Brasil\" \/>\n<meta property=\"article:modified_time\" content=\"2022-08-02T17:22:06+00:00\" \/>\n<meta property=\"og:image\" content=\"https:\/\/www.lordbrasil.com\/wp-content\/uploads\/2022\/07\/10.jpg\" \/>\n\t<meta property=\"og:image:width\" content=\"958\" \/>\n\t<meta property=\"og:image:height\" content=\"1280\" \/>\n\t<meta property=\"og:image:type\" content=\"image\/jpeg\" \/>\n<meta name=\"twitter:card\" content=\"summary_large_image\" \/>\n<meta name=\"twitter:label1\" content=\"Est. reading time\" \/>\n\t<meta name=\"twitter:data1\" content=\"1 minute\" \/>\n<script type=\"application\/ld+json\" class=\"yoast-schema-graph\">{\"@context\":\"https:\/\/schema.org\",\"@graph\":[{\"@type\":\"WebPage\",\"@id\":\"https:\/\/www.lordbrasil.com\/pesquisa-e-desenvolvimento\/\",\"url\":\"https:\/\/www.lordbrasil.com\/pesquisa-e-desenvolvimento\/\",\"name\":\"Pesquisa e Desenvolvimento - Lord Brasil\",\"isPartOf\":{\"@id\":\"https:\/\/www.lordbrasil.com\/#website\"},\"primaryImageOfPage\":{\"@id\":\"https:\/\/www.lordbrasil.com\/pesquisa-e-desenvolvimento\/#primaryimage\"},\"image\":{\"@id\":\"https:\/\/www.lordbrasil.com\/pesquisa-e-desenvolvimento\/#primaryimage\"},\"thumbnailUrl\":\"https:\/\/www.lordbrasil.com\/wp-content\/uploads\/2022\/07\/10.jpg\",\"datePublished\":\"2021-02-02T21:51:43+00:00\",\"dateModified\":\"2022-08-02T17:22:06+00:00\",\"description\":\"A Lord conta com um dos mais avan\u00e7ados laborat\u00f3rios de pesquisa e novas tecnologias do pa\u00eds, cp, importantes certifica\u00e7\u00f5es como: INMETRO, ANVISA e ISO 9001 e 14001.\",\"breadcrumb\":{\"@id\":\"https:\/\/www.lordbrasil.com\/pesquisa-e-desenvolvimento\/#breadcrumb\"},\"inLanguage\":\"en-US\",\"potentialAction\":[{\"@type\":\"ReadAction\",\"target\":[\"https:\/\/www.lordbrasil.com\/pesquisa-e-desenvolvimento\/\"]}]},{\"@type\":\"ImageObject\",\"inLanguage\":\"en-US\",\"@id\":\"https:\/\/www.lordbrasil.com\/pesquisa-e-desenvolvimento\/#primaryimage\",\"url\":\"https:\/\/www.lordbrasil.com\/wp-content\/uploads\/2022\/07\/10.jpg\",\"contentUrl\":\"https:\/\/www.lordbrasil.com\/wp-content\/uploads\/2022\/07\/10.jpg\",\"width\":958,\"height\":1280},{\"@type\":\"BreadcrumbList\",\"@id\":\"https:\/\/www.lordbrasil.com\/pesquisa-e-desenvolvimento\/#breadcrumb\",\"itemListElement\":[{\"@type\":\"ListItem\",\"position\":1,\"name\":\"Home\",\"item\":\"https:\/\/www.lordbrasil.com\/\"},{\"@type\":\"ListItem\",\"position\":2,\"name\":\"Pesquisa e Desenvolvimento\"}]},{\"@type\":\"WebSite\",\"@id\":\"https:\/\/www.lordbrasil.com\/#website\",\"url\":\"https:\/\/www.lordbrasil.com\/\",\"name\":\"Lord Brasil\",\"description\":\"Solu\u00e7\u00f5es Pl\u00e1sticas\",\"potentialAction\":[{\"@type\":\"SearchAction\",\"target\":{\"@type\":\"EntryPoint\",\"urlTemplate\":\"https:\/\/www.lordbrasil.com\/?s={search_term_string}\"},\"query-input\":{\"@type\":\"PropertyValueSpecification\",\"valueRequired\":true,\"valueName\":\"search_term_string\"}}],\"inLanguage\":\"en-US\"}]}<\/script>\n<!-- \/ Yoast SEO plugin. -->","yoast_head_json":{"title":"Pesquisa e Desenvolvimento - Lord Brasil","description":"A Lord conta com um dos mais avan\u00e7ados laborat\u00f3rios de pesquisa e novas tecnologias do pa\u00eds, cp, importantes certifica\u00e7\u00f5es como: INMETRO, ANVISA e ISO 9001 e 14001.","robots":{"index":"index","follow":"follow","max-snippet":"max-snippet:-1","max-image-preview":"max-image-preview:large","max-video-preview":"max-video-preview:-1"},"canonical":"https:\/\/www.lordbrasil.com\/en\/pesquisa-e-desenvolvimento\/","og_locale":"en_US","og_type":"article","og_title":"Pesquisa e Desenvolvimento - Lord Brasil","og_description":"A Lord conta com um dos mais avan\u00e7ados laborat\u00f3rios de pesquisa e novas tecnologias do pa\u00eds, cp, importantes certifica\u00e7\u00f5es como: INMETRO, ANVISA e ISO 9001 e 14001.","og_url":"https:\/\/www.lordbrasil.com\/en\/pesquisa-e-desenvolvimento\/","og_site_name":"Lord Brasil","article_modified_time":"2022-08-02T17:22:06+00:00","og_image":[{"width":958,"height":1280,"url":"https:\/\/www.lordbrasil.com\/wp-content\/uploads\/2022\/07\/10.jpg","type":"image\/jpeg"}],"twitter_card":"summary_large_image","twitter_misc":{"Est. reading time":"1 minute"},"schema":{"@context":"https:\/\/schema.org","@graph":[{"@type":"WebPage","@id":"https:\/\/www.lordbrasil.com\/pesquisa-e-desenvolvimento\/","url":"https:\/\/www.lordbrasil.com\/pesquisa-e-desenvolvimento\/","name":"Pesquisa e Desenvolvimento - Lord Brasil","isPartOf":{"@id":"https:\/\/www.lordbrasil.com\/#website"},"primaryImageOfPage":{"@id":"https:\/\/www.lordbrasil.com\/pesquisa-e-desenvolvimento\/#primaryimage"},"image":{"@id":"https:\/\/www.lordbrasil.com\/pesquisa-e-desenvolvimento\/#primaryimage"},"thumbnailUrl":"https:\/\/www.lordbrasil.com\/wp-content\/uploads\/2022\/07\/10.jpg","datePublished":"2021-02-02T21:51:43+00:00","dateModified":"2022-08-02T17:22:06+00:00","description":"A Lord conta com um dos mais avan\u00e7ados laborat\u00f3rios de pesquisa e novas tecnologias do pa\u00eds, cp, importantes certifica\u00e7\u00f5es como: INMETRO, ANVISA e ISO 9001 e 14001.","breadcrumb":{"@id":"https:\/\/www.lordbrasil.com\/pesquisa-e-desenvolvimento\/#breadcrumb"},"inLanguage":"en-US","potentialAction":[{"@type":"ReadAction","target":["https:\/\/www.lordbrasil.com\/pesquisa-e-desenvolvimento\/"]}]},{"@type":"ImageObject","inLanguage":"en-US","@id":"https:\/\/www.lordbrasil.com\/pesquisa-e-desenvolvimento\/#primaryimage","url":"https:\/\/www.lordbrasil.com\/wp-content\/uploads\/2022\/07\/10.jpg","contentUrl":"https:\/\/www.lordbrasil.com\/wp-content\/uploads\/2022\/07\/10.jpg","width":958,"height":1280},{"@type":"BreadcrumbList","@id":"https:\/\/www.lordbrasil.com\/pesquisa-e-desenvolvimento\/#breadcrumb","itemListElement":[{"@type":"ListItem","position":1,"name":"Home","item":"https:\/\/www.lordbrasil.com\/"},{"@type":"ListItem","position":2,"name":"Pesquisa e Desenvolvimento"}]},{"@type":"WebSite","@id":"https:\/\/www.lordbrasil.com\/#website","url":"https:\/\/www.lordbrasil.com\/","name":"Lord Brasil","description":"Solu\u00e7\u00f5es Pl\u00e1sticas","potentialAction":[{"@type":"SearchAction","target":{"@type":"EntryPoint","urlTemplate":"https:\/\/www.lordbrasil.com\/?s={search_term_string}"},"query-input":{"@type":"PropertyValueSpecification","valueRequired":true,"valueName":"search_term_string"}}],"inLanguage":"en-US"}]}},"_links":{"self":[{"href":"https:\/\/www.lordbrasil.com\/en\/wp-json\/wp\/v2\/pages\/149","targetHints":{"allow":["GET"]}}],"collection":[{"href":"https:\/\/www.lordbrasil.com\/en\/wp-json\/wp\/v2\/pages"}],"about":[{"href":"https:\/\/www.lordbrasil.com\/en\/wp-json\/wp\/v2\/types\/page"}],"author":[{"embeddable":true,"href":"https:\/\/www.lordbrasil.com\/en\/wp-json\/wp\/v2\/users\/1"}],"replies":[{"embeddable":true,"href":"https:\/\/www.lordbrasil.com\/en\/wp-json\/wp\/v2\/comments?post=149"}],"version-history":[{"count":2,"href":"https:\/\/www.lordbrasil.com\/en\/wp-json\/wp\/v2\/pages\/149\/revisions"}],"predecessor-version":[{"id":439,"href":"https:\/\/www.lordbrasil.com\/en\/wp-json\/wp\/v2\/pages\/149\/revisions\/439"}],"wp:featuredmedia":[{"embeddable":true,"href":"https:\/\/www.lordbrasil.com\/en\/wp-json\/wp\/v2\/media\/150"}],"wp:attachment":[{"href":"https:\/\/www.lordbrasil.com\/en\/wp-json\/wp\/v2\/media?parent=149"}],"curies":[{"name":"wp","href":"https:\/\/api.w.org\/{rel}","templated":true}]}}