{"id":178,"date":"2021-02-02T18:52:00","date_gmt":"2021-02-02T21:52:00","guid":{"rendered":"https:\/\/www.lordbrasil.com\/sustentabilidade\/"},"modified":"2022-08-30T21:09:37","modified_gmt":"2022-08-31T00:09:37","slug":"sustentabilidade","status":"publish","type":"page","link":"https:\/\/www.lordbrasil.com\/es\/sustentabilidade\/","title":{"rendered":"Sostenibilidad"},"content":{"rendered":"","protected":false},"excerpt":{"rendered":"","protected":false},"author":1,"featured_media":179,"parent":0,"menu_order":0,"comment_status":"open","ping_status":"closed","template":"sustentabilidade.php","meta":{"inline_featured_image":false,"ngg_post_thumbnail":0,"footnotes":""},"class_list":["post-178","page","type-page","status-publish","has-post-thumbnail","hentry"],"yoast_head":"<!-- This site is optimized with the Yoast SEO plugin v27.2 - https:\/\/yoast.com\/product\/yoast-seo-wordpress\/ -->\n<title>Sustentabilidade - Lord Brasil<\/title>\n<meta name=\"robots\" content=\"index, follow, max-snippet:-1, max-image-preview:large, max-video-preview:-1\" \/>\n<link rel=\"canonical\" href=\"https:\/\/www.lordbrasil.com\/es\/sustentabilidade\/\" \/>\n<meta property=\"og:locale\" content=\"es_ES\" \/>\n<meta property=\"og:type\" content=\"article\" \/>\n<meta property=\"og:title\" content=\"Sustentabilidade - Lord Brasil\" \/>\n<meta property=\"og:url\" content=\"https:\/\/www.lordbrasil.com\/es\/sustentabilidade\/\" \/>\n<meta property=\"og:site_name\" content=\"Lord Brasil\" \/>\n<meta property=\"article:modified_time\" content=\"2022-08-31T00:09:37+00:00\" \/>\n<meta property=\"og:image\" content=\"https:\/\/www.lordbrasil.com\/wp-content\/uploads\/2022\/07\/banner-01.jpg\" \/>\n\t<meta property=\"og:image:width\" content=\"1919\" \/>\n\t<meta property=\"og:image:height\" content=\"636\" \/>\n\t<meta property=\"og:image:type\" content=\"image\/jpeg\" \/>\n<meta name=\"twitter:card\" content=\"summary_large_image\" \/>\n<script type=\"application\/ld+json\" class=\"yoast-schema-graph\">{\"@context\":\"https:\/\/schema.org\",\"@graph\":[{\"@type\":\"WebPage\",\"@id\":\"https:\/\/www.lordbrasil.com\/sustentabilidade\/\",\"url\":\"https:\/\/www.lordbrasil.com\/sustentabilidade\/\",\"name\":\"Sustentabilidade - Lord Brasil\",\"isPartOf\":{\"@id\":\"https:\/\/www.lordbrasil.com\/#website\"},\"primaryImageOfPage\":{\"@id\":\"https:\/\/www.lordbrasil.com\/sustentabilidade\/#primaryimage\"},\"image\":{\"@id\":\"https:\/\/www.lordbrasil.com\/sustentabilidade\/#primaryimage\"},\"thumbnailUrl\":\"https:\/\/www.lordbrasil.com\/wp-content\/uploads\/2022\/07\/banner-01.jpg\",\"datePublished\":\"2021-02-02T21:52:00+00:00\",\"dateModified\":\"2022-08-31T00:09:37+00:00\",\"breadcrumb\":{\"@id\":\"https:\/\/www.lordbrasil.com\/sustentabilidade\/#breadcrumb\"},\"inLanguage\":\"es\",\"potentialAction\":[{\"@type\":\"ReadAction\",\"target\":[\"https:\/\/www.lordbrasil.com\/sustentabilidade\/\"]}]},{\"@type\":\"ImageObject\",\"inLanguage\":\"es\",\"@id\":\"https:\/\/www.lordbrasil.com\/sustentabilidade\/#primaryimage\",\"url\":\"https:\/\/www.lordbrasil.com\/wp-content\/uploads\/2022\/07\/banner-01.jpg\",\"contentUrl\":\"https:\/\/www.lordbrasil.com\/wp-content\/uploads\/2022\/07\/banner-01.jpg\",\"width\":1919,\"height\":636},{\"@type\":\"BreadcrumbList\",\"@id\":\"https:\/\/www.lordbrasil.com\/sustentabilidade\/#breadcrumb\",\"itemListElement\":[{\"@type\":\"ListItem\",\"position\":1,\"name\":\"Home\",\"item\":\"https:\/\/www.lordbrasil.com\/\"},{\"@type\":\"ListItem\",\"position\":2,\"name\":\"Sustentabilidade\"}]},{\"@type\":\"WebSite\",\"@id\":\"https:\/\/www.lordbrasil.com\/#website\",\"url\":\"https:\/\/www.lordbrasil.com\/\",\"name\":\"Lord Brasil\",\"description\":\"Solu\u00e7\u00f5es Pl\u00e1sticas\",\"potentialAction\":[{\"@type\":\"SearchAction\",\"target\":{\"@type\":\"EntryPoint\",\"urlTemplate\":\"https:\/\/www.lordbrasil.com\/?s={search_term_string}\"},\"query-input\":{\"@type\":\"PropertyValueSpecification\",\"valueRequired\":true,\"valueName\":\"search_term_string\"}}],\"inLanguage\":\"es\"}]}<\/script>\n<!-- \/ Yoast SEO plugin. -->","yoast_head_json":{"title":"Sustentabilidade - Lord Brasil","robots":{"index":"index","follow":"follow","max-snippet":"max-snippet:-1","max-image-preview":"max-image-preview:large","max-video-preview":"max-video-preview:-1"},"canonical":"https:\/\/www.lordbrasil.com\/es\/sustentabilidade\/","og_locale":"es_ES","og_type":"article","og_title":"Sustentabilidade - Lord Brasil","og_url":"https:\/\/www.lordbrasil.com\/es\/sustentabilidade\/","og_site_name":"Lord Brasil","article_modified_time":"2022-08-31T00:09:37+00:00","og_image":[{"width":1919,"height":636,"url":"https:\/\/www.lordbrasil.com\/wp-content\/uploads\/2022\/07\/banner-01.jpg","type":"image\/jpeg"}],"twitter_card":"summary_large_image","schema":{"@context":"https:\/\/schema.org","@graph":[{"@type":"WebPage","@id":"https:\/\/www.lordbrasil.com\/sustentabilidade\/","url":"https:\/\/www.lordbrasil.com\/sustentabilidade\/","name":"Sustentabilidade - Lord Brasil","isPartOf":{"@id":"https:\/\/www.lordbrasil.com\/#website"},"primaryImageOfPage":{"@id":"https:\/\/www.lordbrasil.com\/sustentabilidade\/#primaryimage"},"image":{"@id":"https:\/\/www.lordbrasil.com\/sustentabilidade\/#primaryimage"},"thumbnailUrl":"https:\/\/www.lordbrasil.com\/wp-content\/uploads\/2022\/07\/banner-01.jpg","datePublished":"2021-02-02T21:52:00+00:00","dateModified":"2022-08-31T00:09:37+00:00","breadcrumb":{"@id":"https:\/\/www.lordbrasil.com\/sustentabilidade\/#breadcrumb"},"inLanguage":"es","potentialAction":[{"@type":"ReadAction","target":["https:\/\/www.lordbrasil.com\/sustentabilidade\/"]}]},{"@type":"ImageObject","inLanguage":"es","@id":"https:\/\/www.lordbrasil.com\/sustentabilidade\/#primaryimage","url":"https:\/\/www.lordbrasil.com\/wp-content\/uploads\/2022\/07\/banner-01.jpg","contentUrl":"https:\/\/www.lordbrasil.com\/wp-content\/uploads\/2022\/07\/banner-01.jpg","width":1919,"height":636},{"@type":"BreadcrumbList","@id":"https:\/\/www.lordbrasil.com\/sustentabilidade\/#breadcrumb","itemListElement":[{"@type":"ListItem","position":1,"name":"Home","item":"https:\/\/www.lordbrasil.com\/"},{"@type":"ListItem","position":2,"name":"Sustentabilidade"}]},{"@type":"WebSite","@id":"https:\/\/www.lordbrasil.com\/#website","url":"https:\/\/www.lordbrasil.com\/","name":"Lord Brasil","description":"Solu\u00e7\u00f5es Pl\u00e1sticas","potentialAction":[{"@type":"SearchAction","target":{"@type":"EntryPoint","urlTemplate":"https:\/\/www.lordbrasil.com\/?s={search_term_string}"},"query-input":{"@type":"PropertyValueSpecification","valueRequired":true,"valueName":"search_term_string"}}],"inLanguage":"es"}]}},"_links":{"self":[{"href":"https:\/\/www.lordbrasil.com\/es\/wp-json\/wp\/v2\/pages\/178","targetHints":{"allow":["GET"]}}],"collection":[{"href":"https:\/\/www.lordbrasil.com\/es\/wp-json\/wp\/v2\/pages"}],"about":[{"href":"https:\/\/www.lordbrasil.com\/es\/wp-json\/wp\/v2\/types\/page"}],"author":[{"embeddable":true,"href":"https:\/\/www.lordbrasil.com\/es\/wp-json\/wp\/v2\/users\/1"}],"replies":[{"embeddable":true,"href":"https:\/\/www.lordbrasil.com\/es\/wp-json\/wp\/v2\/comments?post=178"}],"version-history":[{"count":5,"href":"https:\/\/www.lordbrasil.com\/es\/wp-json\/wp\/v2\/pages\/178\/revisions"}],"predecessor-version":[{"id":624,"href":"https:\/\/www.lordbrasil.com\/es\/wp-json\/wp\/v2\/pages\/178\/revisions\/624"}],"wp:featuredmedia":[{"embeddable":true,"href":"https:\/\/www.lordbrasil.com\/es\/wp-json\/wp\/v2\/media\/179"}],"wp:attachment":[{"href":"https:\/\/www.lordbrasil.com\/es\/wp-json\/wp\/v2\/media?parent=178"}],"curies":[{"name":"wp","href":"https:\/\/api.w.org\/{rel}","templated":true}]}}